{"id":383,"date":"2016-01-15T14:09:51","date_gmt":"2016-01-15T13:09:51","guid":{"rendered":"https:\/\/acsoft.be\/nl\/test-reference\/"},"modified":"2016-02-04T15:55:57","modified_gmt":"2016-02-04T14:55:57","slug":"references","status":"publish","type":"page","link":"https:\/\/acsoft.be\/nl\/references\/","title":{"rendered":"Referenties"},"content":{"rendered":"<p style=\"text-align: left;\"><span style=\"font-size: large;\">Rijke ervaring, Acsoft heeft vele trouwe klanten in hele Belgi\u00eb voor verscheidene sectoren van activiteiten.<\/span><\/p>\n<p>&nbsp;<\/p>\n<p style=\"text-align: left;\"><strong>ADMINISTRATIES<\/strong><\/p>\n<p>ACNAW \u2013 Autorit\u00e9 de contr\u00f4le des nuisances a\u00e9roportuaires en R\u00e9gion wallonne<\/p>\n<p>Gemeenteadministratie\u00a0Kraainem<\/p>\n<p>Gemeenteadministratie Morlanwez<\/p>\n<p>Gemeenteadministratie Soumagne<\/p>\n<p>Gemeenteadministratie Wezembeek Oppem<\/p>\n<p>Gemeenteadministratie Woluwe Saint-Lambert<\/p>\n<p>CHU Saint-Pierre Brussel<\/p>\n<p>CHU Luik<\/p>\n<p>Waalse Publieke Dienst\u00a0\u00a0&#8211; Politie Controle Dienst\u00a0van Luik<\/p>\n<p>Waalse Publieke Dienst\u00a0\u00a0&#8211; Politie Controle Dienst\u00a0van Namen<\/p>\n<p>Waalse Publieke Dienst\u00a0\u00a0&#8211; Politie Controle Dienst\u00a0van Charleroi<\/p>\n<p>Waalse Publieke Dienst\u00a0\u00a0&#8211; Politie Controle Dienst\u00a0van\u00a0Bergen<\/p>\n<p>IBGE &#8211; BIM &#8211; Brussels Instituut voor MilieuBeheer<\/p>\n<p>LNE &#8211; Vlaamse Overheid \u00e0\u00a0Antwerpen<\/p>\n<p>LNE &#8211; Vlaamse Overheid \u00e0 Brugge<\/p>\n<p>LNE &#8211; Vlaamse Overheid \u00e0 Brussel<\/p>\n<p>LNE &#8211; Vlaamse Overheid \u00e0 Gent<\/p>\n<p>LNE &#8211; Vlaamse Overheid \u00e0 Leuven<\/p>\n<p>Provinciaal Centrum voor Milieuonderzoek (Gent)<\/p>\n<p>Regie der Gebouwen\u00a0Luik &amp; Brussel<\/p>\n<p>RTBF Luik &amp; Brussel<\/p>\n<p>SOS Pollution Charleroi<\/p>\n<p>SPW \u00a0DGO1 &#8211; Routes et B\u00e2timents<\/p>\n<p>SPW DGO2 &#8211; Direction de l&#8217;Exploitation a\u00e9roportuaire, cellule CMS<\/p>\n<p>SPW DGO3 &#8211; D\u00e9partement de la Police et des Contr\u00f4les de Li\u00e8ge<\/p>\n<p>SPW DGO3 &#8211; D\u00e9partement de la Police et des Contr\u00f4les de Namur<\/p>\n<p>SPW DGO3 &#8211; D\u00e9partement de la Police et des Contr\u00f4les de Charleroi<\/p>\n<p>SPW DGO3 &#8211; D\u00e9partement de la Police et des Contr\u00f4les de Mons<\/p>\n<p>SPW DGO3 &#8211; Direction de la Pr\u00e9vention des pollutions<\/p>\n<p>SPW &#8211;\u00a0\u00a0Direction de la Gestion Mobili\u00e8re \u00e0 Namur<\/p>\n<p>SMPT Luik &amp; Tournai<\/p>\n<p>STIB Brussel<\/p>\n<p>Stad van\u00a0Charleroi<\/p>\n<p>Stad van\u00a0Luik<\/p>\n<p>Vivalia \u00e0 Bertrix<\/p>\n<p>Vlaamse Overheid &#8211; Wegen en Verkeer Evere<\/p>\n<p>Politiezone\u00a0Aalst<\/p>\n<p>Politiezone Arlon<\/p>\n<p>Politiezone Beyne &#8211; Fl\u00e9ron &#8211; Soumagne<\/p>\n<p>Politiezone Charleroi<\/p>\n<p>Politiezone Germinalt<\/p>\n<p>Politiezone Hesbaye<\/p>\n<p>Politiezone Huy<\/p>\n<p>Politiezone Luik<\/p>\n<p>Politiezone Moeskroen<\/p>\n<p>Politiezone Saint-Vith<\/p>\n<p>Politiezone Wavre<\/p>\n<p>&nbsp;<\/p>\n<p><strong>UNIVERSITEITEN &amp; ONDERZOEKCENTRUM\u00a0<\/strong><\/p>\n<p>CERTECH\u00a0Centrum voor Technologische middelen in chemie<\/p>\n<p>CSTC &#8211; WTCB Wetenschappelijk en Technisch Centrum voor het Bouwbedrijf<\/p>\n<p>Hogeschool Andr\u00e9 V\u00e9sale Luik<\/p>\n<p>Hogeinstituut\u00a0Beaux Arts Saint-Luc Luik<\/p>\n<p>Industri\u00eble Hogeinstituut \u00a0Bergen<\/p>\n<p>LIST &#8211; Luxembourg Institute of Science and Technology<\/p>\n<p>ULB &#8211; Universiteit van Brussel<\/p>\n<p>VUB &#8211; Universiteit van Brussel &#8211; Psychologie Faculteit<\/p>\n<p>UGent &#8211; Universiteit van Gent<\/p>\n<p>ULG &#8211; Universiteit van Luik<\/p>\n<p>UCL &#8211; Universiteit van Leuven &#8211; CREAT<\/p>\n<p>UMons &#8211; Universiteit van Bergen<\/p>\n<p>&nbsp;<\/p>\n<p><strong>LUCHTHAVENS BEWAKING<\/strong><\/p>\n<p>SOWAER (luchthavens Luik &amp; Charleroi)<\/p>\n<p>IBGE &#8211; BIM (Luchthaven Brussel)<\/p>\n<p>&nbsp;<\/p>\n<p style=\"text-align: left;\"><strong>STUDIEBUREAUS<\/strong><\/p>\n<p>A&amp;E Consulting<\/p>\n<p>ARCADIS Belgium sa<\/p>\n<p>ASM \u00a0Acoustics<\/p>\n<p>ATECH &#8211; Acoustic Technologies<\/p>\n<p>ATS &#8211; Acoustique et Traitement du Signal<\/p>\n<p>AVEA Consulting<\/p>\n<p>BANP &#8211; Bureau d&#8217;Etudes Nicolas Plom<\/p>\n<p>BESC &#8211; Bureau d&#8217;Etudes Serge Cornet<\/p>\n<p>BETAVI Ing\u00e9nieurs &#8211; Conseils<\/p>\n<p>CEDIA &#8211; Cellule d&#8217;Etudes et de D\u00e9veloppement en Ing\u00e9nierie Acoustique<\/p>\n<p>CSD\u00a0Ing\u00e9nieurs &#8211; Conseils<\/p>\n<p>MODALYSE Engineering<\/p>\n<p>MODYVA \u00a0Bureau d&#8217;Etudes Sp\u00e9cialis\u00e9 en Vibrations et Acoustique<\/p>\n<p>&nbsp;<\/p>\n<p style=\"text-align: left;\"><strong>INDUSTRIES<\/strong><\/p>\n<p>APERAM Charleroi<\/p>\n<p>AUDI Brussel<\/p>\n<p>CAMAIR Nivelles<\/p>\n<p>CATERPILLAR Gosselies<\/p>\n<p>CDM Overijse<\/p>\n<p>CIRCUIT JULES TACHENY Mettet<\/p>\n<p>COCKERILL &#8211; SAMBRE &#8211; ARCELOR<\/p>\n<p>COLD JET Hesuden Zolder<\/p>\n<p>DEGREMONT Herstal<\/p>\n<p>DONALDSON GTS Leuven<\/p>\n<p>ELECTRABEL<\/p>\n<p>FACO BABYLISS Wandre<\/p>\n<p>FN HERSTAL<\/p>\n<p>GSK GlaxoSmithKline Rixensart &amp; Wavre<\/p>\n<p>LABORELEC Linkebeek<\/p>\n<p>LES PLASTIQUES MANUFACTURES Herstal<\/p>\n<p>MARICHAL KETIN Sclessin<\/p>\n<p>NLMK La Louvi\u00e8re<\/p>\n<p>SABCA Brussel<\/p>\n<p>SOLVAY Brussel<\/p>\n<p>SPA MONOPOLE<\/p>\n<p>TECH SPACE AERO Herstal<\/p>\n<p>THY MARCINELLE<\/p>\n<p>VOLKSWAGEN Brussel<\/p>\n<p>&nbsp;<\/p>\n<p style=\"text-align: left;\"><strong>MONITORING<\/strong><\/p>\n<p>BNP PARIBAS FORTIS Brussel<\/p>\n<p>CIRCUIT de SPA FRANCORCHAMPS<\/p>\n<p>EDF &#8211; LUMINUS windmolenpark Leuze-en-Hainaut<\/p>\n<p>ENECOWIND BELGIUM windmolenpark\u00a0Pont-\u00e0-Celles<\/p>\n<p>ENECOWIND BELGIUM\u00a0windmolenpark Ciney<\/p>\n<p>GSK GlaxoSmithKline site de Rixensart<\/p>\n<p>IBGE &#8211; BIM \u00a0Brussels<\/p>\n<p>NLMK site de la Louvi\u00e8re<\/p>\n<p>SKY SWEEPER sa (Eneco Wind) &#8211; windmolenpark Pont-\u00e0-Celles<\/p>\n<p>SOLANO Wind sa (Eneco Wind) &#8211; windmolenpark Ciney<\/p>\n<p>SOWAER luchthaven\u00a0Luik &#8211; Bierset<\/p>\n<p>SOWAER luchthaven\u00a0Charleroi<\/p>\n<p>TIVANO sa (Eneco Wind) &#8211; windmolenpark Gouvy<\/p>\n<p>WINDVISION windmolenpark d&#8217;Estinnes<\/p>\n<p>&nbsp;<\/p>\n","protected":false},"excerpt":{"rendered":"<p class=\"excerpt\">Rijke ervaring, Acsoft heeft vele trouwe klanten in hele Belgi\u00eb voor verscheidene sectoren van activiteiten. &nbsp; ADMINISTRATIES ACNAW \u2013 Autorit\u00e9 de contr\u00f4le des nuisances a\u00e9roportuaires en R\u00e9gion wallonne Gemeenteadministratie\u00a0Kraainem Gemeenteadministratie Morlanwez Gemeenteadministratie Soumagne Gemeenteadministratie Wezembeek Oppem Gemeenteadministratie Woluwe Saint-Lambert CHU Saint-Pierre Brussel CHU Luik Waalse Publieke Dienst\u00a0\u00a0&#8211; Politie Controle Dienst\u00a0van Luik Waalse Publieke Dienst\u00a0\u00a0&#8211; Politie [&hellip;]<\/p>\n","protected":false},"author":3,"featured_media":0,"parent":0,"menu_order":0,"comment_status":"closed","ping_status":"closed","template":"","meta":[],"acf":[],"yoast_head":"<!-- This site is optimized with the Yoast SEO plugin v19.5.1 - https:\/\/yoast.com\/wordpress\/plugins\/seo\/ -->\n<title>Referenties - Acsoft<\/title>\n<meta name=\"robots\" content=\"index, follow, max-snippet:-1, max-image-preview:large, max-video-preview:-1\" \/>\n<link rel=\"canonical\" href=\"https:\/\/acsoft.be\/nl\/references\/\" \/>\n<meta property=\"og:locale\" content=\"nl_NL\" \/>\n<meta property=\"og:type\" content=\"article\" \/>\n<meta property=\"og:title\" content=\"Referenties - Acsoft\" \/>\n<meta property=\"og:description\" content=\"Rijke ervaring, Acsoft heeft vele trouwe klanten in hele Belgi\u00eb voor verscheidene sectoren van activiteiten. &nbsp; ADMINISTRATIES ACNAW \u2013 Autorit\u00e9 de contr\u00f4le des nuisances a\u00e9roportuaires en R\u00e9gion wallonne Gemeenteadministratie\u00a0Kraainem Gemeenteadministratie Morlanwez Gemeenteadministratie Soumagne Gemeenteadministratie Wezembeek Oppem Gemeenteadministratie Woluwe Saint-Lambert CHU Saint-Pierre Brussel CHU Luik Waalse Publieke Dienst\u00a0\u00a0&#8211; Politie Controle Dienst\u00a0van Luik Waalse Publieke Dienst\u00a0\u00a0&#8211; Politie [&hellip;]\" \/>\n<meta property=\"og:url\" content=\"https:\/\/acsoft.be\/nl\/references\/\" \/>\n<meta property=\"og:site_name\" content=\"Acsoft\" \/>\n<meta property=\"article:modified_time\" content=\"2016-02-04T14:55:57+00:00\" \/>\n<meta name=\"twitter:card\" content=\"summary\" \/>\n<meta name=\"twitter:label1\" content=\"Geschatte leestijd\" \/>\n\t<meta name=\"twitter:data1\" content=\"3 minuten\" \/>\n<script type=\"application\/ld+json\" class=\"yoast-schema-graph\">{\"@context\":\"https:\/\/schema.org\",\"@graph\":[{\"@type\":\"WebPage\",\"@id\":\"https:\/\/acsoft.be\/nl\/references\/\",\"url\":\"https:\/\/acsoft.be\/nl\/references\/\",\"name\":\"Referenties - Acsoft\",\"isPartOf\":{\"@id\":\"https:\/\/acsoft.be\/#website\"},\"datePublished\":\"2016-01-15T13:09:51+00:00\",\"dateModified\":\"2016-02-04T14:55:57+00:00\",\"breadcrumb\":{\"@id\":\"https:\/\/acsoft.be\/nl\/references\/#breadcrumb\"},\"inLanguage\":\"nl\",\"potentialAction\":[{\"@type\":\"ReadAction\",\"target\":[\"https:\/\/acsoft.be\/nl\/references\/\"]}]},{\"@type\":\"BreadcrumbList\",\"@id\":\"https:\/\/acsoft.be\/nl\/references\/#breadcrumb\",\"itemListElement\":[{\"@type\":\"ListItem\",\"position\":1,\"name\":\"Accueil\",\"item\":\"https:\/\/acsoft.be\/nl\/\"},{\"@type\":\"ListItem\",\"position\":2,\"name\":\"Referenties\"}]},{\"@type\":\"WebSite\",\"@id\":\"https:\/\/acsoft.be\/#website\",\"url\":\"https:\/\/acsoft.be\/\",\"name\":\"Acsoft\",\"description\":\"Smart Noise &amp; Vibrations Measurement Systems\",\"publisher\":{\"@id\":\"https:\/\/acsoft.be\/#organization\"},\"potentialAction\":[{\"@type\":\"SearchAction\",\"target\":{\"@type\":\"EntryPoint\",\"urlTemplate\":\"https:\/\/acsoft.be\/?s={search_term_string}\"},\"query-input\":\"required name=search_term_string\"}],\"inLanguage\":\"nl\"},{\"@type\":\"Organization\",\"@id\":\"https:\/\/acsoft.be\/#organization\",\"name\":\"Acsoft\",\"url\":\"https:\/\/acsoft.be\/\",\"sameAs\":[],\"logo\":{\"@type\":\"ImageObject\",\"inLanguage\":\"nl\",\"@id\":\"https:\/\/acsoft.be\/#\/schema\/logo\/image\/\",\"url\":\"https:\/\/acsoft.be\/wp-content\/uploads\/2018\/07\/logo-acsoft.jpg\",\"contentUrl\":\"https:\/\/acsoft.be\/wp-content\/uploads\/2018\/07\/logo-acsoft.jpg\",\"width\":200,\"height\":47,\"caption\":\"Acsoft\"},\"image\":{\"@id\":\"https:\/\/acsoft.be\/#\/schema\/logo\/image\/\"}}]}<\/script>\n<!-- \/ Yoast SEO plugin. -->","yoast_head_json":{"title":"Referenties - Acsoft","robots":{"index":"index","follow":"follow","max-snippet":"max-snippet:-1","max-image-preview":"max-image-preview:large","max-video-preview":"max-video-preview:-1"},"canonical":"https:\/\/acsoft.be\/nl\/references\/","og_locale":"nl_NL","og_type":"article","og_title":"Referenties - Acsoft","og_description":"Rijke ervaring, Acsoft heeft vele trouwe klanten in hele Belgi\u00eb voor verscheidene sectoren van activiteiten. &nbsp; ADMINISTRATIES ACNAW \u2013 Autorit\u00e9 de contr\u00f4le des nuisances a\u00e9roportuaires en R\u00e9gion wallonne Gemeenteadministratie\u00a0Kraainem Gemeenteadministratie Morlanwez Gemeenteadministratie Soumagne Gemeenteadministratie Wezembeek Oppem Gemeenteadministratie Woluwe Saint-Lambert CHU Saint-Pierre Brussel CHU Luik Waalse Publieke Dienst\u00a0\u00a0&#8211; Politie Controle Dienst\u00a0van Luik Waalse Publieke Dienst\u00a0\u00a0&#8211; Politie [&hellip;]","og_url":"https:\/\/acsoft.be\/nl\/references\/","og_site_name":"Acsoft","article_modified_time":"2016-02-04T14:55:57+00:00","twitter_card":"summary","twitter_misc":{"Geschatte leestijd":"3 minuten"},"schema":{"@context":"https:\/\/schema.org","@graph":[{"@type":"WebPage","@id":"https:\/\/acsoft.be\/nl\/references\/","url":"https:\/\/acsoft.be\/nl\/references\/","name":"Referenties - Acsoft","isPartOf":{"@id":"https:\/\/acsoft.be\/#website"},"datePublished":"2016-01-15T13:09:51+00:00","dateModified":"2016-02-04T14:55:57+00:00","breadcrumb":{"@id":"https:\/\/acsoft.be\/nl\/references\/#breadcrumb"},"inLanguage":"nl","potentialAction":[{"@type":"ReadAction","target":["https:\/\/acsoft.be\/nl\/references\/"]}]},{"@type":"BreadcrumbList","@id":"https:\/\/acsoft.be\/nl\/references\/#breadcrumb","itemListElement":[{"@type":"ListItem","position":1,"name":"Accueil","item":"https:\/\/acsoft.be\/nl\/"},{"@type":"ListItem","position":2,"name":"Referenties"}]},{"@type":"WebSite","@id":"https:\/\/acsoft.be\/#website","url":"https:\/\/acsoft.be\/","name":"Acsoft","description":"Smart Noise &amp; Vibrations Measurement Systems","publisher":{"@id":"https:\/\/acsoft.be\/#organization"},"potentialAction":[{"@type":"SearchAction","target":{"@type":"EntryPoint","urlTemplate":"https:\/\/acsoft.be\/?s={search_term_string}"},"query-input":"required name=search_term_string"}],"inLanguage":"nl"},{"@type":"Organization","@id":"https:\/\/acsoft.be\/#organization","name":"Acsoft","url":"https:\/\/acsoft.be\/","sameAs":[],"logo":{"@type":"ImageObject","inLanguage":"nl","@id":"https:\/\/acsoft.be\/#\/schema\/logo\/image\/","url":"https:\/\/acsoft.be\/wp-content\/uploads\/2018\/07\/logo-acsoft.jpg","contentUrl":"https:\/\/acsoft.be\/wp-content\/uploads\/2018\/07\/logo-acsoft.jpg","width":200,"height":47,"caption":"Acsoft"},"image":{"@id":"https:\/\/acsoft.be\/#\/schema\/logo\/image\/"}}]}},"_links":{"self":[{"href":"https:\/\/acsoft.be\/nl\/wp-json\/wp\/v2\/pages\/383"}],"collection":[{"href":"https:\/\/acsoft.be\/nl\/wp-json\/wp\/v2\/pages"}],"about":[{"href":"https:\/\/acsoft.be\/nl\/wp-json\/wp\/v2\/types\/page"}],"author":[{"embeddable":true,"href":"https:\/\/acsoft.be\/nl\/wp-json\/wp\/v2\/users\/3"}],"replies":[{"embeddable":true,"href":"https:\/\/acsoft.be\/nl\/wp-json\/wp\/v2\/comments?post=383"}],"version-history":[{"count":57,"href":"https:\/\/acsoft.be\/nl\/wp-json\/wp\/v2\/pages\/383\/revisions"}],"predecessor-version":[{"id":555,"href":"https:\/\/acsoft.be\/nl\/wp-json\/wp\/v2\/pages\/383\/revisions\/555"}],"wp:attachment":[{"href":"https:\/\/acsoft.be\/nl\/wp-json\/wp\/v2\/media?parent=383"}],"curies":[{"name":"wp","href":"https:\/\/api.w.org\/{rel}","templated":true}]}}